{"id":13,"date":"2021-09-30T19:53:54","date_gmt":"2021-09-30T17:53:54","guid":{"rendered":"http:\/\/danslesyeuxdejasmine.photo\/?page_id=13"},"modified":"2022-06-06T01:21:52","modified_gmt":"2022-06-05T23:21:52","slug":"a-propos","status":"publish","type":"page","link":"https:\/\/danslesyeuxdejasmine.photo\/index.php\/a-propos\/","title":{"rendered":"A propos"},"content":{"rendered":"\n<div class=\"wp-block-group alignwide has-text-color\" style=\"color:#bfbfbf\"><div class=\"wp-block-group__inner-container is-layout-flow wp-block-group-is-layout-flow\">\n<p><\/p>\n\n\n\n<div class=\"wp-block-columns is-layout-flex wp-container-core-columns-is-layout-9d6595d7 wp-block-columns-is-layout-flex\">\n<div class=\"wp-block-column is-layout-flow wp-block-column-is-layout-flow\">\n<div class=\"wp-block-image is-style-rounded\"><figure class=\"alignright size-full\"><img loading=\"lazy\" decoding=\"async\" width=\"512\" height=\"512\" src=\"https:\/\/danslesyeuxdejasmine.photo\/wp-content\/uploads\/2021\/11\/cropped-JCHRISTOPH-moi-8791-scaled-1.jpg\" alt=\"\" class=\"wp-image-923\" srcset=\"https:\/\/danslesyeuxdejasmine.photo\/wp-content\/uploads\/2021\/11\/cropped-JCHRISTOPH-moi-8791-scaled-1.jpg 512w, https:\/\/danslesyeuxdejasmine.photo\/wp-content\/uploads\/2021\/11\/cropped-JCHRISTOPH-moi-8791-scaled-1-300x300.jpg 300w, https:\/\/danslesyeuxdejasmine.photo\/wp-content\/uploads\/2021\/11\/cropped-JCHRISTOPH-moi-8791-scaled-1-150x150.jpg 150w, https:\/\/danslesyeuxdejasmine.photo\/wp-content\/uploads\/2021\/11\/cropped-JCHRISTOPH-moi-8791-scaled-1-140x140.jpg 140w, https:\/\/danslesyeuxdejasmine.photo\/wp-content\/uploads\/2021\/11\/cropped-JCHRISTOPH-moi-8791-scaled-1-50x50.jpg 50w, https:\/\/danslesyeuxdejasmine.photo\/wp-content\/uploads\/2021\/11\/cropped-JCHRISTOPH-moi-8791-scaled-1-80x80.jpg 80w, https:\/\/danslesyeuxdejasmine.photo\/wp-content\/uploads\/2021\/11\/cropped-JCHRISTOPH-moi-8791-scaled-1-270x270.jpg 270w, https:\/\/danslesyeuxdejasmine.photo\/wp-content\/uploads\/2021\/11\/cropped-JCHRISTOPH-moi-8791-scaled-1-192x192.jpg 192w, https:\/\/danslesyeuxdejasmine.photo\/wp-content\/uploads\/2021\/11\/cropped-JCHRISTOPH-moi-8791-scaled-1-180x180.jpg 180w, https:\/\/danslesyeuxdejasmine.photo\/wp-content\/uploads\/2021\/11\/cropped-JCHRISTOPH-moi-8791-scaled-1-32x32.jpg 32w\" sizes=\"auto, (max-width: 512px) 100vw, 512px\" \/><\/figure><\/div>\n<\/div>\n\n\n\n<div class=\"wp-block-column is-layout-flow wp-block-column-is-layout-flow\">\n<div class=\"wp-block-group\"><div class=\"wp-block-group__inner-container is-layout-flow wp-block-group-is-layout-flow\">\n<div class=\"wp-block-columns is-layout-flex wp-container-core-columns-is-layout-9d6595d7 wp-block-columns-is-layout-flex\">\n<div class=\"wp-block-column is-layout-flow wp-block-column-is-layout-flow\" style=\"flex-basis:100%\">\n<div class=\"wp-block-group\"><div class=\"wp-block-group__inner-container is-layout-flow wp-block-group-is-layout-flow\">\n<p><\/p>\n\n\n\n<p><\/p>\n\n\n\n<p><\/p>\n\n\n\n<p><\/p>\n\n\n\n<p>Je m&rsquo;appelle Jasmine Christoph. <\/p>\n\n\n\n<p>Je suis passionn\u00e9e par la photographie que j&rsquo;apprends depuis mes 14 ans.<br><\/p>\n\n\n\n<p>Je pratique essentiellement la photographie reportage.                                                               Je pr\u00e9f\u00e8re les photos naturelles et spontan\u00e9es. <\/p>\n\n\n\n<p>J&rsquo;ai choisi de me sp\u00e9cialiser dans la photographie d&rsquo;enfants parce que j&rsquo;admire leur imagination, leur innocence et leurs fa\u00e7ons d&rsquo;exprimer leurs sentiments. <\/p>\n\n\n\n<p>J&rsquo;adore les voir sourire et les entendre rire.<br>Je prends aussi des photos d&rsquo;\u00e9v\u00e9nements. Lors de mariages, bapt\u00eames, fian\u00e7ailles, grossesses,\u2026 j&rsquo;aime capturer vos moments de bonheur.<\/p>\n<\/div><\/div>\n<\/div>\n<\/div>\n<\/div><\/div>\n<\/div>\n<\/div>\n<\/div><\/div>\n\n\n\n<div class=\"wp-block-columns are-vertically-aligned-bottom is-layout-flex wp-container-core-columns-is-layout-9d6595d7 wp-block-columns-is-layout-flex\">\n<div class=\"wp-block-column is-layout-flow wp-block-column-is-layout-flow\">\n<p><\/p>\n\n\n\n<p><\/p>\n\n\n\n<p><\/p>\n\n\n\n<p><\/p>\n<\/div>\n<\/div>\n\n\n\n<p><\/p>\n\n\n\n<p><\/p>\n","protected":false},"excerpt":{"rendered":"<p>Je m&rsquo;appelle Jasmine Christoph. Je suis passionn\u00e9e par la photographie que j&rsquo;apprends depuis mes 14 ans. Je pratique essentiellement la photographie reportage. Je pr\u00e9f\u00e8re les photos naturelles et spontan\u00e9es. J&rsquo;ai<\/p>\n<p class=\"more-link\"><a href=\"https:\/\/danslesyeuxdejasmine.photo\/index.php\/a-propos\/\" class=\"readmore\">Continue reading<svg class=\"icon icon-arrow-right\" aria-hidden=\"true\" role=\"img\"> <use href=\"#icon-arrow-right\" xlink:href=\"#icon-arrow-right\"><\/use> <\/svg><span class=\"screen-reader-text\">A propos<\/span><\/a><\/p>\n","protected":false},"author":1,"featured_media":355,"parent":0,"menu_order":0,"comment_status":"closed","ping_status":"closed","template":"","meta":{"ngg_post_thumbnail":0,"footnotes":""},"class_list":["post-13","page","type-page","status-publish","has-post-thumbnail","hentry"],"_links":{"self":[{"href":"https:\/\/danslesyeuxdejasmine.photo\/index.php\/wp-json\/wp\/v2\/pages\/13","targetHints":{"allow":["GET"]}}],"collection":[{"href":"https:\/\/danslesyeuxdejasmine.photo\/index.php\/wp-json\/wp\/v2\/pages"}],"about":[{"href":"https:\/\/danslesyeuxdejasmine.photo\/index.php\/wp-json\/wp\/v2\/types\/page"}],"author":[{"embeddable":true,"href":"https:\/\/danslesyeuxdejasmine.photo\/index.php\/wp-json\/wp\/v2\/users\/1"}],"replies":[{"embeddable":true,"href":"https:\/\/danslesyeuxdejasmine.photo\/index.php\/wp-json\/wp\/v2\/comments?post=13"}],"version-history":[{"count":119,"href":"https:\/\/danslesyeuxdejasmine.photo\/index.php\/wp-json\/wp\/v2\/pages\/13\/revisions"}],"predecessor-version":[{"id":1049,"href":"https:\/\/danslesyeuxdejasmine.photo\/index.php\/wp-json\/wp\/v2\/pages\/13\/revisions\/1049"}],"wp:featuredmedia":[{"embeddable":true,"href":"https:\/\/danslesyeuxdejasmine.photo\/index.php\/wp-json\/wp\/v2\/media\/355"}],"wp:attachment":[{"href":"https:\/\/danslesyeuxdejasmine.photo\/index.php\/wp-json\/wp\/v2\/media?parent=13"}],"curies":[{"name":"wp","href":"https:\/\/api.w.org\/{rel}","templated":true}]}}